{"id":9,"date":"2016-12-12T11:16:13","date_gmt":"2016-12-12T11:16:13","guid":{"rendered":"http:\/\/www.linksat.com.bo\/?page_id=9"},"modified":"2019-07-17T16:16:19","modified_gmt":"2019-07-17T20:16:19","slug":"nosotros","status":"publish","type":"page","link":"https:\/\/www.linksat.com.bo\/?page_id=9","title":{"rendered":"Nosotros"},"content":{"rendered":"<p style=\"text-align: justify;\"><span style=\"color: #003366; font-size: 14pt;\"><strong>\u00bfQui\u00e9nes Somos?<\/strong><\/span><img  title=\"\" loading=\"lazy\" decoding=\"async\" class=\"alignright wp-image-402 \" src=\"http:\/\/www.linksat.com.bo\/wp-content\/uploads\/2016\/12\/redes-empresa-internas-300x104.jpg\"  alt=\"redes-empresa-internas-300x104 Nosotros\"  width=\"594\" height=\"206\" srcset=\"https:\/\/www.linksat.com.bo\/wp-content\/uploads\/2016\/12\/redes-empresa-internas-300x104.jpg 300w, https:\/\/www.linksat.com.bo\/wp-content\/uploads\/2016\/12\/redes-empresa-internas.jpg 720w\" sizes=\"auto, (max-width: 594px) 100vw, 594px\" \/><\/p>\n<p style=\"text-align: justify;\">LinkSat Consulting S.R.L. Es una empresa que est\u00e1 conformada por personal con amplia experiencia en proyectos de telecomunicaciones realizados en diferentes ciudades de Norte Am\u00e9rica, Centroam\u00e9rica, Sudam\u00e9rica, Ocean\u00eda, y en Bolivia, lo que nos proporciona el aval de garantizar a nuestros clientes una amplia perspectiva en cuanto a sus necesidades y proyectos.<\/p>\n<p style=\"text-align: justify;\"><span style=\"color: #003366; font-size: 18pt;\"><strong><span style=\"font-size: 14pt;\">Sobre Nosotros<\/span><br \/>\n<\/strong><\/span><\/p>\n<p style=\"text-align: justify;\">Creada en Noviembre del 2009 con la finalidad de ofrecer servicio optimo en las \u00e1reas de infraestructura, inplementaci\u00f3n, comicionamiento, provisi\u00f3n, instalaci\u00f3n y mantenimiento para redes fijas y m\u00f3viles de telecomunicaciones.<\/p>\n<p style=\"text-align: justify;\"><span style=\"color: #003366; font-size: 14pt;\"><strong>Compromiso<\/strong><\/span><\/p>\n<p style=\"text-align: justify;\">Es nuestro compromiso, lograr el m\u00e1ximo nivel de calidad. Conocemos y entendemos la importancia de estar presentes a todo nivel en el universo de las telecomunicaciones, es por eso que ofrecemos calidad en la planificaci\u00f3n, comicionamiento, ejecuci\u00f3n de proyectos de telecomunicaciones, hasta llegar a nuestra meta.<\/p>\n","protected":false},"excerpt":{"rendered":"<div class=\"slide-text-bg2\"><span>\u00bfQui\u00e9nes Somos? LinkSat Consulting S.R.L. Es una empresa que est\u00e1 conformada por personal con amplia experiencia en proyectos de telecomunicaciones real<\/span><\/div>\n<div class=\"slide-btn-area-sm\"><a href=\"https:\/\/www.linksat.com.bo\/?page_id=9\" class=\"slide-btn-sm\">Leer m\u00e1s<\/a><\/div>\n","protected":false},"author":1,"featured_media":0,"parent":0,"menu_order":0,"comment_status":"closed","ping_status":"closed","template":"fullwidth.php","meta":{"footnotes":""},"class_list":["post-9","page","type-page","status-publish","hentry"],"_links":{"self":[{"href":"https:\/\/www.linksat.com.bo\/index.php?rest_route=\/wp\/v2\/pages\/9","targetHints":{"allow":["GET"]}}],"collection":[{"href":"https:\/\/www.linksat.com.bo\/index.php?rest_route=\/wp\/v2\/pages"}],"about":[{"href":"https:\/\/www.linksat.com.bo\/index.php?rest_route=\/wp\/v2\/types\/page"}],"author":[{"embeddable":true,"href":"https:\/\/www.linksat.com.bo\/index.php?rest_route=\/wp\/v2\/users\/1"}],"replies":[{"embeddable":true,"href":"https:\/\/www.linksat.com.bo\/index.php?rest_route=%2Fwp%2Fv2%2Fcomments&post=9"}],"version-history":[{"count":0,"href":"https:\/\/www.linksat.com.bo\/index.php?rest_route=\/wp\/v2\/pages\/9\/revisions"}],"wp:attachment":[{"href":"https:\/\/www.linksat.com.bo\/index.php?rest_route=%2Fwp%2Fv2%2Fmedia&parent=9"}],"curies":[{"name":"wp","href":"https:\/\/api.w.org\/{rel}","templated":true}]}}